{"id":919,"date":"2024-06-07T09:48:06","date_gmt":"2024-06-07T07:48:06","guid":{"rendered":"https:\/\/scootervacationsmykonos.com\/istruzioni-per-il-ritiro-e-la-consegna\/"},"modified":"2024-06-07T10:54:29","modified_gmt":"2024-06-07T08:54:29","slug":"istruzioni-per-il-ritiro-e-la-consegna","status":"publish","type":"page","link":"https:\/\/scootervacationsmykonos.com\/it\/istruzioni-per-il-ritiro-e-la-consegna\/","title":{"rendered":"Istruzioni per il ritiro e la consegna"},"content":{"rendered":"\t\t<div data-elementor-type=\"wp-page\" data-elementor-id=\"919\" class=\"elementor elementor-919 elementor-883\" data-elementor-post-type=\"page\">\n\t\t\t\t\t\t<section class=\"elementor-section elementor-top-section elementor-element elementor-element-7e820ec elementor-section-full_width elementor-section-height-min-height elementor-section-items-stretch elementor-section-height-default\" data-id=\"7e820ec\" data-element_type=\"section\" data-settings=\"{&quot;background_background&quot;:&quot;classic&quot;}\">\n\t\t\t\t\t\t\t<div class=\"elementor-background-overlay\"><\/div>\n\t\t\t\t\t\t\t<div class=\"elementor-container elementor-column-gap-no\">\n\t\t\t\t\t<div class=\"elementor-column elementor-col-50 elementor-top-column elementor-element elementor-element-7c200da\" data-id=\"7c200da\" data-element_type=\"column\">\n\t\t\t<div class=\"elementor-widget-wrap elementor-element-populated\">\n\t\t\t\t\t\t<section class=\"elementor-section elementor-inner-section elementor-element elementor-element-8f07b71 elementor-section-full_width elementor-section-height-default elementor-section-height-default\" data-id=\"8f07b71\" data-element_type=\"section\">\n\t\t\t\t\t\t<div class=\"elementor-container elementor-column-gap-default\">\n\t\t\t\t\t<div class=\"elementor-column elementor-col-50 elementor-inner-column elementor-element elementor-element-3d07c39 elementor-hidden-phone\" data-id=\"3d07c39\" data-element_type=\"column\">\n\t\t\t<div class=\"elementor-widget-wrap elementor-element-populated\">\n\t\t\t\t\t\t<div class=\"elementor-element elementor-element-9683c24 elementor-align-right elementor-list-item-link-full_width elementor-widget elementor-widget-icon-list\" data-id=\"9683c24\" data-element_type=\"widget\" data-widget_type=\"icon-list.default\">\n\t\t\t\t<div class=\"elementor-widget-container\">\n\t\t\t<link rel=\"stylesheet\" href=\"https:\/\/scootervacationsmykonos.com\/wp-content\/plugins\/elementor\/assets\/css\/widget-icon-list.min.css\">\t\t<ul class=\"elementor-icon-list-items\">\n\t\t\t\t\t\t\t<li class=\"elementor-icon-list-item\">\n\t\t\t\t\t\t\t\t\t\t\t<a href=\"https:\/\/scootervacationsmykonos.com\/it\/la-nostra-flotta\/\">\n\n\t\t\t\t\t\t\t\t\t\t\t<span class=\"elementor-icon-list-text\">Noleggiare uno scooter<\/span>\n\t\t\t\t\t\t\t\t\t\t\t<\/a>\n\t\t\t\t\t\t\t\t\t<\/li>\n\t\t\t\t\t\t\t\t<li class=\"elementor-icon-list-item\">\n\t\t\t\t\t\t\t\t\t\t\t<a href=\"https:\/\/scootervacationsmykonos.com\/it\/la-nostra-flotta\/\">\n\n\t\t\t\t\t\t\t\t\t\t\t<span class=\"elementor-icon-list-text\">Noleggio ATV<\/span>\n\t\t\t\t\t\t\t\t\t\t\t<\/a>\n\t\t\t\t\t\t\t\t\t<\/li>\n\t\t\t\t\t\t\t\t<li class=\"elementor-icon-list-item\">\n\t\t\t\t\t\t\t\t\t\t\t<a href=\"https:\/\/scootervacationsmykonos.com\/it\/contatto\/\">\n\n\t\t\t\t\t\t\t\t\t\t\t<span class=\"elementor-icon-list-text\">Contattateci<\/span>\n\t\t\t\t\t\t\t\t\t\t\t<\/a>\n\t\t\t\t\t\t\t\t\t<\/li>\n\t\t\t\t\t\t\t\t<li class=\"elementor-icon-list-item\">\n\t\t\t\t\t\t\t\t\t\t\t<a href=\"https:\/\/scootervacationsmykonos.com\/it\/prenota-ora\/\">\n\n\t\t\t\t\t\t\t\t\t\t\t<span class=\"elementor-icon-list-text\">o prenotare online <\/span>\n\t\t\t\t\t\t\t\t\t\t\t<\/a>\n\t\t\t\t\t\t\t\t\t<\/li>\n\t\t\t\t\t\t<\/ul>\n\t\t\t\t<\/div>\n\t\t\t\t<\/div>\n\t\t\t\t\t<\/div>\n\t\t<\/div>\n\t\t\t\t<div class=\"elementor-column elementor-col-50 elementor-inner-column elementor-element elementor-element-675d4f9\" data-id=\"675d4f9\" data-element_type=\"column\">\n\t\t\t<div class=\"elementor-widget-wrap elementor-element-populated\">\n\t\t\t\t\t\t\t<\/div>\n\t\t<\/div>\n\t\t\t\t\t<\/div>\n\t\t<\/section>\n\t\t\t\t\t<\/div>\n\t\t<\/div>\n\t\t\t\t<div class=\"elementor-column elementor-col-50 elementor-top-column elementor-element elementor-element-3631b80 elementor-hidden-tablet elementor-hidden-phone\" data-id=\"3631b80\" data-element_type=\"column\">\n\t\t\t<div class=\"elementor-widget-wrap elementor-element-populated\">\n\t\t\t\t\t\t<div class=\"elementor-element elementor-element-885535c elementor-widget elementor-widget-button\" data-id=\"885535c\" data-element_type=\"widget\" data-widget_type=\"button.default\">\n\t\t\t\t<div class=\"elementor-widget-container\">\n\t\t\t\t\t<div class=\"elementor-button-wrapper\">\n\t\t\t<a class=\"elementor-button elementor-button-link elementor-size-sm\" href=\"https:\/\/wa.me\/+306944672100\" target=\"_blank\" rel=\"noopener\">\n\t\t\t\t\t\t<span class=\"elementor-button-content-wrapper\">\n\t\t\t\t\t\t<span class=\"elementor-button-icon elementor-align-icon-left\">\n\t\t\t\t<i aria-hidden=\"true\" class=\"icon icon-whatsapp-2\"><\/i>\t\t\t<\/span>\n\t\t\t\t\t\t\t\t<\/span>\n\t\t\t\t\t<\/a>\n\t\t<\/div>\n\t\t\t\t<\/div>\n\t\t\t\t<\/div>\n\t\t\t\t<div class=\"elementor-element elementor-element-6aad7ba elementor-widget elementor-widget-button\" data-id=\"6aad7ba\" data-element_type=\"widget\" data-widget_type=\"button.default\">\n\t\t\t\t<div class=\"elementor-widget-container\">\n\t\t\t\t\t<div class=\"elementor-button-wrapper\">\n\t\t\t<a class=\"elementor-button elementor-button-link elementor-size-sm\" href=\"https:\/\/www.google.com\/maps?ll=37.446049,25.337917&#038;z=18&#038;t=m&#038;hl=el-GR&#038;gl=US&#038;mapclient=embed&#038;cid=6221129328455139504\" target=\"_blank\" rel=\"noopener\">\n\t\t\t\t\t\t<span class=\"elementor-button-content-wrapper\">\n\t\t\t\t\t\t<span class=\"elementor-button-icon elementor-align-icon-left\">\n\t\t\t\t<i aria-hidden=\"true\" class=\"icon icon-map-marker1\"><\/i>\t\t\t<\/span>\n\t\t\t\t\t\t\t\t<\/span>\n\t\t\t\t\t<\/a>\n\t\t<\/div>\n\t\t\t\t<\/div>\n\t\t\t\t<\/div>\n\t\t\t\t\t<\/div>\n\t\t<\/div>\n\t\t\t\t\t<\/div>\n\t\t<\/section>\n\t\t<div class=\"elementor-element elementor-element-19b7467 e-flex e-con-boxed e-con e-parent\" data-id=\"19b7467\" data-element_type=\"container\">\n\t\t\t\t\t<div class=\"e-con-inner\">\n\t\t\t\t<div class=\"elementor-element elementor-element-7086f14 elementor-widget elementor-widget-text-editor\" data-id=\"7086f14\" data-element_type=\"widget\" data-widget_type=\"text-editor.default\">\n\t\t\t\t<div class=\"elementor-widget-container\">\n\t\t\t<style>\/*! elementor - v3.21.0 - 26-05-2024 *\/\n.elementor-widget-text-editor.elementor-drop-cap-view-stacked .elementor-drop-cap{background-color:#69727d;color:#fff}.elementor-widget-text-editor.elementor-drop-cap-view-framed .elementor-drop-cap{color:#69727d;border:3px solid;background-color:transparent}.elementor-widget-text-editor:not(.elementor-drop-cap-view-default) .elementor-drop-cap{margin-top:8px}.elementor-widget-text-editor:not(.elementor-drop-cap-view-default) .elementor-drop-cap-letter{width:1em;height:1em}.elementor-widget-text-editor .elementor-drop-cap{float:left;text-align:center;line-height:1;font-size:50px}.elementor-widget-text-editor .elementor-drop-cap-letter{display:inline-block}<\/style>\t\t\t\t<p><strong>ORARIO DI LAVORO: TUTTI I GIORNI 09:00 &#8211; 20:00.<\/strong><\/p>\n<p>Si prega di notare che i nostri veicoli possono essere ritirati solo presso la nostra agenzia.<\/p>\n<p>Il trasferimento da e per la nostra agenzia \u00e8 gratuito.<\/p>\n<p>Informateci del trasferimento gratuito scegliendo il luogo di ritiro corretto nel modulo di prenotazione.<\/p>\n<p><strong>RITIRO (RICEZIONE):<\/strong><\/p>\n<p><strong>1) Aeroporto\/Seaporto<\/strong>: Troverete il nostro rappresentante fuori dal gate degli arrivi\/traghetto con un cartello &#8220;Scooter Vacations Mykonos&#8221;. Se non abbiamo il numero di volo o il nome del traghetto corretto, non possiamo inviare il transfer a prendervi.<\/p>\n<p><strong>2) Hotel\/Villa<\/strong>: Un nostro rappresentante si presenter\u00e0 all&#8217;hotel\/villa all&#8217;ora da voi richiesta e vi verr\u00e0 a prendere con il trasferimento. Il nostro Ufficio Prenotazioni vi contatter\u00e0 15-20 minuti prima dell&#8217;orario di prelievo per assicurarsi che siate gi\u00e0 all&#8217;hotel\/villa; in caso di mancata risposta, non potremo inviare il trasferimento a prendervi.<\/p>\n<p><strong>3) Nave da crociera<\/strong>: Ci sono due possibilit\u00e0 per il prelievo.<\/p>\n<p>A) La nave da crociera sta attraccando al nuovo porto di tourlos e possiamo incontrarci esattamente fuori dalla nave in questa posizione. <a href=\"https:\/\/goo.gl\/maps\/pdngfVLUBCKNzMVHA\" target=\"_blank\" rel=\"noopener\">https:\/\/goo.gl\/maps\/pdngfVLUBCKNzMVHA<\/a><\/p>\n<p>B) La nave da crociera ha il tender fuori dal porto e le piccole imbarcazioni vi trasferiranno in uno di questi due luoghi, 1) al vecchio porto di Mykonos presso la citt\u00e0 vecchia e dobbiamo incontrarci in questo luogo perch\u00e9 non possiamo entrare nella citt\u00e0 con un&#8217;auto. <a href=\"https:\/\/goo.gl\/maps\/nuWX4QokHVVJHAYCA\" target=\"_blank\" rel=\"noopener\">https:\/\/goo.gl\/maps\/nuWX4QokHVVJHAYCA<\/a><br \/>\n2) al nuovo porto di tourlos e dobbiamo incontrarci in questo luogo.<\/p>\n<p><a href=\"https:\/\/goo.gl\/maps\/pdngfVLUBCKNzMVHA\" target=\"_blank\" rel=\"noopener\">https:\/\/goo.gl\/maps\/pdngfVLUBCKNzMVHA<\/a><\/p>\n<p>Troverete un nostro rappresentante con un cartello &#8220;Scooter Vacations Mykonos&#8221; nel luogo da voi richiesto. Se non abbiamo informazioni sul luogo, non possiamo inviare il transfer a prendervi.<\/p>\n<p><strong>Vi preghiamo di informarci almeno il giorno prima via whatsapp per una comunicazione pi\u00f9 veloce al numero di telefono +306944672100.<\/strong><\/p>\n<p><strong>RICONSEGNA (RITORNO):<\/strong><\/p>\n<p>Il veicolo deve essere riconsegnato alla nostra agenzia e poi possiamo trasferirvi di nuovo nel luogo che desiderate senza alcun costo aggiuntivo.<\/p>\n<p><strong>*Si ricorda che il trasferimento \u00e8 condiviso e il tempo di attesa alla nostra agenzia dopo il vostro arrivo \u00e8 di 10-15 minuti.<\/strong><\/p>\n\t\t\t\t\t\t<\/div>\n\t\t\t\t<\/div>\n\t\t\t\t\t<\/div>\n\t\t\t\t<\/div>\n\t\t\t\t<\/div>\n\t\t","protected":false},"excerpt":{"rendered":"<p>Noleggiare uno scooter Noleggio ATV Contattateci o prenotare online ORARIO DI LAVORO: TUTTI I GIORNI 09:00 &#8211; 20:00. Si prega [&hellip;]<\/p>\n","protected":false},"author":1,"featured_media":0,"parent":0,"menu_order":0,"comment_status":"closed","ping_status":"closed","template":"","meta":{"site-sidebar-layout":"no-sidebar","site-content-layout":"","ast-site-content-layout":"full-width-container","site-content-style":"default","site-sidebar-style":"default","ast-global-header-display":"","ast-banner-title-visibility":"","ast-main-header-display":"","ast-hfb-above-header-display":"","ast-hfb-below-header-display":"","ast-hfb-mobile-header-display":"","site-post-title":"disabled","ast-breadcrumbs-content":"","ast-featured-img":"disabled","footer-sml-layout":"","theme-transparent-header-meta":"default","adv-header-id-meta":"","stick-header-meta":"","header-above-stick-meta":"","header-main-stick-meta":"","header-below-stick-meta":"","astra-migrate-meta-layouts":"set","ast-page-background-enabled":"default","ast-page-background-meta":{"desktop":{"background-color":"var(--ast-global-color-4)","background-image":"","background-repeat":"repeat","background-position":"center center","background-size":"auto","background-attachment":"scroll","background-type":"","background-media":"","overlay-type":"","overlay-color":"","overlay-gradient":""},"tablet":{"background-color":"","background-image":"","background-repeat":"repeat","background-position":"center center","background-size":"auto","background-attachment":"scroll","background-type":"","background-media":"","overlay-type":"","overlay-color":"","overlay-gradient":""},"mobile":{"background-color":"","background-image":"","background-repeat":"repeat","background-position":"center center","background-size":"auto","background-attachment":"scroll","background-type":"","background-media":"","overlay-type":"","overlay-color":"","overlay-gradient":""}},"ast-content-background-meta":{"desktop":{"background-color":"var(--ast-global-color-5)","background-image":"","background-repeat":"repeat","background-position":"center center","background-size":"auto","background-attachment":"scroll","background-type":"","background-media":"","overlay-type":"","overlay-color":"","overlay-gradient":""},"tablet":{"background-color":"var(--ast-global-color-5)","background-image":"","background-repeat":"repeat","background-position":"center center","background-size":"auto","background-attachment":"scroll","background-type":"","background-media":"","overlay-type":"","overlay-color":"","overlay-gradient":""},"mobile":{"background-color":"var(--ast-global-color-5)","background-image":"","background-repeat":"repeat","background-position":"center center","background-size":"auto","background-attachment":"scroll","background-type":"","background-media":"","overlay-type":"","overlay-color":"","overlay-gradient":""}},"footnotes":""},"class_list":["post-919","page","type-page","status-publish","hentry"],"_links":{"self":[{"href":"https:\/\/scootervacationsmykonos.com\/it\/wp-json\/wp\/v2\/pages\/919","targetHints":{"allow":["GET"]}}],"collection":[{"href":"https:\/\/scootervacationsmykonos.com\/it\/wp-json\/wp\/v2\/pages"}],"about":[{"href":"https:\/\/scootervacationsmykonos.com\/it\/wp-json\/wp\/v2\/types\/page"}],"author":[{"embeddable":true,"href":"https:\/\/scootervacationsmykonos.com\/it\/wp-json\/wp\/v2\/users\/1"}],"replies":[{"embeddable":true,"href":"https:\/\/scootervacationsmykonos.com\/it\/wp-json\/wp\/v2\/comments?post=919"}],"version-history":[{"count":2,"href":"https:\/\/scootervacationsmykonos.com\/it\/wp-json\/wp\/v2\/pages\/919\/revisions"}],"predecessor-version":[{"id":923,"href":"https:\/\/scootervacationsmykonos.com\/it\/wp-json\/wp\/v2\/pages\/919\/revisions\/923"}],"wp:attachment":[{"href":"https:\/\/scootervacationsmykonos.com\/it\/wp-json\/wp\/v2\/media?parent=919"}],"curies":[{"name":"wp","href":"https:\/\/api.w.org\/{rel}","templated":true}]}}